{"id":63,"date":"2019-09-07T11:59:55","date_gmt":"2019-09-07T11:59:55","guid":{"rendered":"https:\/\/rmd-ne.ch\/index.php\/about\/"},"modified":"2022-11-15T13:45:09","modified_gmt":"2022-11-15T13:45:09","slug":"about","status":"publish","type":"page","link":"https:\/\/rmd-ne.ch\/index.php\/about\/","title":{"rendered":"About"},"content":{"rendered":"\t\t<div data-elementor-type=\"wp-page\" data-elementor-id=\"63\" class=\"elementor elementor-63\">\n\t\t\t\t\t\t<div class=\"elementor-inner\">\n\t\t\t\t<div class=\"elementor-section-wrap\">\n\t\t\t\t\t\t\t\t\t<section class=\"elementor-section elementor-top-section elementor-element elementor-element-cc5ac49 elementor-section-boxed elementor-section-height-default elementor-section-height-default\" data-id=\"cc5ac49\" data-element_type=\"section\">\n\t\t\t\t\t\t<div class=\"elementor-container elementor-column-gap-default\">\n\t\t\t\t\t\t\t<div class=\"elementor-row\">\n\t\t\t\t\t<div class=\"aux-parallax-section elementor-column elementor-col-100 elementor-top-column elementor-element elementor-element-66ea0c7\" data-id=\"66ea0c7\" data-element_type=\"column\">\n\t\t\t<div class=\"elementor-column-wrap elementor-element-populated\">\n\t\t\t\t\t\t\t<div class=\"elementor-widget-wrap\">\n\t\t\t\t\t\t<div class=\"elementor-element elementor-element-9abaadc elementor-widget elementor-widget-aux_modern_heading\" data-id=\"9abaadc\" data-element_type=\"widget\" data-widget_type=\"aux_modern_heading.default\">\n\t\t\t\t<div class=\"elementor-widget-container\">\n\t\t\t<section class=\"aux-widget-modern-heading\">\n            <div class=\"aux-widget-inner\"><h2 class=\"aux-modern-heading-primary\">A propos de nous<\/h2><div class=\"aux-modern-heading-divider\"><\/div><\/div>\n        <\/section>\t\t<\/div>\n\t\t\t\t<\/div>\n\t\t\t\t\t\t<\/div>\n\t\t\t\t\t<\/div>\n\t\t<\/div>\n\t\t\t\t\t\t\t\t<\/div>\n\t\t\t\t\t<\/div>\n\t\t<\/section>\n\t\t\t\t<section class=\"elementor-section elementor-top-section elementor-element elementor-element-d2d154a elementor-section-boxed elementor-section-height-default elementor-section-height-default\" data-id=\"d2d154a\" data-element_type=\"section\">\n\t\t\t\t\t\t<div class=\"elementor-container elementor-column-gap-default\">\n\t\t\t\t\t\t\t<div class=\"elementor-row\">\n\t\t\t\t\t<div class=\"aux-parallax-section elementor-column elementor-col-50 elementor-top-column elementor-element elementor-element-23c03e7\" data-id=\"23c03e7\" data-element_type=\"column\">\n\t\t\t<div class=\"elementor-column-wrap elementor-element-populated\">\n\t\t\t\t\t\t\t<div class=\"elementor-widget-wrap\">\n\t\t\t\t\t\t<div class=\"elementor-element elementor-element-ce86991 aux-appear-watch-animation aux-fade-in-up elementor-widget elementor-widget-aux_modern_heading\" data-id=\"ce86991\" data-element_type=\"widget\" data-widget_type=\"aux_modern_heading.default\">\n\t\t\t\t<div class=\"elementor-widget-container\">\n\t\t\t<section class=\"aux-widget-modern-heading\">\n            <div class=\"aux-widget-inner\"><h4 class=\"aux-modern-heading-primary\">A propos de nous<\/h4><h3 class=\"aux-modern-heading-secondary\"><span class=\"aux-head-before\">Inspiration pour\u00a0la\u00a0menuiserie<\/span><\/h3><div class=\"aux-modern-heading-description\"><p>RMD Menuiserie est une petite entreprise passionn\u00e9e et respectueuse de l\u2019environnement.<br \/>En 2008, Benoit Raemy a fond\u00e9 RMD Menuiserie par amour pour cette mati\u00e8re noble qu\u2019est le bois et par go\u00fbt du design. Il s\u2019est sp\u00e9cialis\u00e9 dans l\u2019am\u00e9nagement int\u00e9rieur afin de proposer \u00e0 sa client\u00e8le un conseil personnalis\u00e9 permettant une cr\u00e9ation correspondant aux besoins de chacun. Ses grandes connaissances en mati\u00e8re de LED lui permettent d\u2019ajouter une plus-value lumineuse \u00e0 vos futurs projets.<br \/>Tr\u00e8s sensible \u00e0 l\u2019aspect \u00e9cologique et durable, RMD Menuiserie utilise des \u00e9nergies vertes, en cr\u00e9ant son \u00e9lectricit\u00e9 gr\u00e2ce \u00e0 sa propre turbine hydraulique avec le courant\u00a0de\u00a0l\u2019Areuse.<\/p><\/div><\/div>\n        <\/section>\t\t<\/div>\n\t\t\t\t<\/div>\n\t\t\t\t<div class=\"elementor-element elementor-element-e77b38f elementor-widget elementor-widget-aux_modern_button\" data-id=\"e77b38f\" data-element_type=\"widget\" data-widget_type=\"aux_modern_button.default\">\n\t\t\t\t<div class=\"elementor-widget-container\">\n\t\t\t    <div class=\"aux-modern-button-wrapper aux-modern-button-align-left\" >\n                    <a class=\"aux-modern-button aux-black aux-modern-button-lg aux-modern-button-curve aux-modern-button-default aux-icon-right\">\n                <div class=\"aux-overlay\"><\/div>\n                                    <div class=\"aux-icon \">\n                        <i aria-hidden=\"true\" class=\"auxicon2 auxicon2-arrows-chevron-thin-right\"><\/i>                    <\/div>\n                                <div class=\"aux-text\">\n<span class=\"aux-text-before\">Contactez-nous<\/span>                <\/div>\n            <\/a>\n            \n    <\/div>\n\n    \t\t<\/div>\n\t\t\t\t<\/div>\n\t\t\t\t\t\t<\/div>\n\t\t\t\t\t<\/div>\n\t\t<\/div>\n\t\t\t\t<div class=\"aux-parallax-section elementor-column elementor-col-50 elementor-top-column elementor-element elementor-element-a642eaa\" data-id=\"a642eaa\" data-element_type=\"column\">\n\t\t\t<div class=\"elementor-column-wrap elementor-element-populated\">\n\t\t\t\t\t\t\t<div class=\"elementor-widget-wrap\">\n\t\t\t\t\t\t<div class=\"elementor-element elementor-element-71cc336 aux-appear-watch-animation aux-mask-from-left elementor-widget elementor-widget-aux_image\" data-id=\"71cc336\" data-element_type=\"widget\" data-widget_type=\"aux_image.default\">\n\t\t\t\t<div class=\"elementor-widget-container\">\n\t\t\t<section class=\"widget-container aux-widget-image aux-alignnone aux-parent-au3760d93f\">\n    <div class=\"aux-media-hint-frame \">\n        <div class=\"aux-media-image \" >\n        \n            \n\n            \n            <img loading=\"lazy\" decoding=\"async\" width=\"3920\" height=\"2210\" src=\"https:\/\/rmd-ne.ch\/wp-content\/uploads\/2022\/11\/9-1.png\" class=\"aux-attachment aux-featured-image aux-attachment-id-380\" alt=\"9\" data-ratio=\"1.77\" data-original-w=\"3920\" \/>            \n                <\/div>\n    <\/div>\n\n<\/section><!-- widget-container -->\t\t<\/div>\n\t\t\t\t<\/div>\n\t\t\t\t\t\t<\/div>\n\t\t\t\t\t<\/div>\n\t\t<\/div>\n\t\t\t\t\t\t\t\t<\/div>\n\t\t\t\t\t<\/div>\n\t\t<\/section>\n\t\t\t\t<section class=\"elementor-section elementor-top-section elementor-element elementor-element-65aed98 elementor-section-boxed elementor-section-height-default elementor-section-height-default\" data-id=\"65aed98\" data-element_type=\"section\">\n\t\t\t\t\t\t<div class=\"elementor-container elementor-column-gap-default\">\n\t\t\t\t\t\t\t<div class=\"elementor-row\">\n\t\t\t\t\t<div class=\"aux-parallax-section elementor-column elementor-col-100 elementor-top-column elementor-element elementor-element-68677d8\" data-id=\"68677d8\" data-element_type=\"column\">\n\t\t\t<div class=\"elementor-column-wrap elementor-element-populated\">\n\t\t\t\t\t\t\t<div class=\"elementor-widget-wrap\">\n\t\t\t\t\t\t<div class=\"elementor-element elementor-element-9770311 elementor-widget elementor-widget-spacer\" data-id=\"9770311\" data-element_type=\"widget\" data-widget_type=\"spacer.default\">\n\t\t\t\t<div class=\"elementor-widget-container\">\n\t\t\t\t\t<div class=\"elementor-spacer\">\n\t\t\t<div class=\"elementor-spacer-inner\"><\/div>\n\t\t<\/div>\n\t\t\t\t<\/div>\n\t\t\t\t<\/div>\n\t\t\t\t\t\t<\/div>\n\t\t\t\t\t<\/div>\n\t\t<\/div>\n\t\t\t\t\t\t\t\t<\/div>\n\t\t\t\t\t<\/div>\n\t\t<\/section>\n\t\t\t\t<section class=\"elementor-section elementor-top-section elementor-element elementor-element-345c345 elementor-section-boxed elementor-section-height-default elementor-section-height-default\" data-id=\"345c345\" data-element_type=\"section\">\n\t\t\t\t\t\t<div class=\"elementor-container elementor-column-gap-default\">\n\t\t\t\t\t\t\t<div class=\"elementor-row\">\n\t\t\t\t\t<div class=\"aux-parallax-section elementor-column elementor-col-50 elementor-top-column elementor-element elementor-element-ad28d7e\" data-id=\"ad28d7e\" data-element_type=\"column\">\n\t\t\t<div class=\"elementor-column-wrap elementor-element-populated\">\n\t\t\t\t\t\t\t<div class=\"elementor-widget-wrap\">\n\t\t\t\t\t\t<div class=\"elementor-element elementor-element-e6e1648 aux-appear-watch-animation aux-fade-in-up elementor-widget elementor-widget-aux_image\" data-id=\"e6e1648\" data-element_type=\"widget\" data-widget_type=\"aux_image.default\">\n\t\t\t\t<div class=\"elementor-widget-container\">\n\t\t\t<section class=\"widget-container aux-widget-image aux-alignnone aux-parent-au187a4a61\">\n    <div class=\"aux-media-hint-frame \">\n        <div class=\"aux-media-image \" >\n        \n            \n\n            \n            <img decoding=\"async\" src=\"https:\/\/rmd-ne.ch\/wp-content\/uploads\/2019\/09\/noun_design_27029.svg\" class=\"attachment-full size-full\" alt=\"\" \/>            \n                <\/div>\n    <\/div>\n\n<\/section><!-- widget-container -->\t\t<\/div>\n\t\t\t\t<\/div>\n\t\t\t\t<div class=\"elementor-element elementor-element-79ba251 aux-appear-watch-animation aux-fade-in-up-1 elementor-widget elementor-widget-aux_modern_heading\" data-id=\"79ba251\" data-element_type=\"widget\" data-widget_type=\"aux_modern_heading.default\">\n\t\t\t\t<div class=\"elementor-widget-container\">\n\t\t\t<section class=\"aux-widget-modern-heading\">\n            <div class=\"aux-widget-inner\"><h2 class=\"aux-modern-heading-primary\">Design Minimaliste<\/h2><div class=\"aux-modern-heading-description\"><p>La simplicit\u00e9 est la beaut\u00e9 pour vos meubles, pour un rendu magnifique.\u00a0<\/p><\/div><\/div>\n        <\/section>\t\t<\/div>\n\t\t\t\t<\/div>\n\t\t\t\t\t\t<\/div>\n\t\t\t\t\t<\/div>\n\t\t<\/div>\n\t\t\t\t<div class=\"aux-parallax-section elementor-column elementor-col-50 elementor-top-column elementor-element elementor-element-6cd9a50\" data-id=\"6cd9a50\" data-element_type=\"column\">\n\t\t\t<div class=\"elementor-column-wrap elementor-element-populated\">\n\t\t\t\t\t\t\t<div class=\"elementor-widget-wrap\">\n\t\t\t\t\t\t<div class=\"elementor-element elementor-element-ff5a4d1 aux-appear-watch-animation aux-fade-in-up elementor-widget elementor-widget-aux_image\" data-id=\"ff5a4d1\" data-element_type=\"widget\" data-widget_type=\"aux_image.default\">\n\t\t\t\t<div class=\"elementor-widget-container\">\n\t\t\t<section class=\"widget-container aux-widget-image aux-alignnone aux-parent-auaddfbe5f\">\n    <div class=\"aux-media-hint-frame \">\n        <div class=\"aux-media-image \" >\n        \n            \n\n            \n            <img decoding=\"async\" src=\"https:\/\/rmd-ne.ch\/wp-content\/uploads\/2019\/09\/wood.svg\" class=\"attachment-full size-full\" alt=\"\" \/>            \n                <\/div>\n    <\/div>\n\n<\/section><!-- widget-container -->\t\t<\/div>\n\t\t\t\t<\/div>\n\t\t\t\t<div class=\"elementor-element elementor-element-3e61afe aux-appear-watch-animation aux-fade-in-up-1 elementor-widget elementor-widget-aux_modern_heading\" data-id=\"3e61afe\" data-element_type=\"widget\" data-widget_type=\"aux_modern_heading.default\">\n\t\t\t\t<div class=\"elementor-widget-container\">\n\t\t\t<section class=\"aux-widget-modern-heading\">\n            <div class=\"aux-widget-inner\"><h2 class=\"aux-modern-heading-primary\">Meilleur mat\u00e9riel<\/h2><div class=\"aux-modern-heading-description\"><p>Nous utilisons du mat\u00e9riel de qualit\u00e9 afin que vos meubles perdurent dans le temps.<\/p><\/div><\/div>\n        <\/section>\t\t<\/div>\n\t\t\t\t<\/div>\n\t\t\t\t\t\t<\/div>\n\t\t\t\t\t<\/div>\n\t\t<\/div>\n\t\t\t\t\t\t\t\t<\/div>\n\t\t\t\t\t<\/div>\n\t\t<\/section>\n\t\t\t\t<section class=\"elementor-section elementor-top-section elementor-element elementor-element-564c130 elementor-section-boxed elementor-section-height-default elementor-section-height-default\" data-id=\"564c130\" data-element_type=\"section\">\n\t\t\t\t\t\t<div class=\"elementor-container elementor-column-gap-default\">\n\t\t\t\t\t\t\t<div class=\"elementor-row\">\n\t\t\t\t\t<div class=\"aux-parallax-section elementor-column elementor-col-100 elementor-top-column elementor-element elementor-element-ada8be3\" data-id=\"ada8be3\" data-element_type=\"column\">\n\t\t\t<div class=\"elementor-column-wrap elementor-element-populated\">\n\t\t\t\t\t\t\t<div class=\"elementor-widget-wrap\">\n\t\t\t\t\t\t<div class=\"elementor-element elementor-element-e3948c4 elementor-widget elementor-widget-spacer\" data-id=\"e3948c4\" data-element_type=\"widget\" data-widget_type=\"spacer.default\">\n\t\t\t\t<div class=\"elementor-widget-container\">\n\t\t\t\t\t<div class=\"elementor-spacer\">\n\t\t\t<div class=\"elementor-spacer-inner\"><\/div>\n\t\t<\/div>\n\t\t\t\t<\/div>\n\t\t\t\t<\/div>\n\t\t\t\t\t\t<\/div>\n\t\t\t\t\t<\/div>\n\t\t<\/div>\n\t\t\t\t\t\t\t\t<\/div>\n\t\t\t\t\t<\/div>\n\t\t<\/section>\n\t\t\t\t\t\t\t\t\t<\/div>\n\t\t\t<\/div>\n\t\t\t\t\t<\/div>\n\t\t","protected":false},"excerpt":{"rendered":"<p>A propos de nous A propos de nous Inspiration pour\u00a0la\u00a0menuiserie RMD Menuiserie est une petite entreprise passionn\u00e9e et respectueuse de l\u2019environnement.En 2008, Benoit Raemy a fond\u00e9 RMD Menuiserie par amour pour cette mati\u00e8re noble qu\u2019est le bois et par go\u00fbt du design. Il s\u2019est sp\u00e9cialis\u00e9 dans l\u2019am\u00e9nagement int\u00e9rieur afin de proposer \u00e0 sa client\u00e8le un [&hellip;]<\/p>\n","protected":false},"author":1,"featured_media":0,"parent":0,"menu_order":0,"comment_status":"closed","ping_status":"closed","template":"templates\/page-builder-content.php","meta":{"footnotes":""},"class_list":["post-63","page","type-page","status-publish","hentry"],"yoast_head":"<!-- This site is optimized with the Yoast SEO plugin v19.10 - https:\/\/yoast.com\/wordpress\/plugins\/seo\/ -->\n<title>About - Menuiserie<\/title>\n<meta name=\"robots\" content=\"index, follow, max-snippet:-1, max-image-preview:large, max-video-preview:-1\" \/>\n<link rel=\"canonical\" href=\"https:\/\/rmd-ne.ch\/index.php\/about\/\" \/>\n<meta property=\"og:locale\" content=\"fr_FR\" \/>\n<meta property=\"og:type\" content=\"article\" \/>\n<meta property=\"og:title\" content=\"About - Menuiserie\" \/>\n<meta property=\"og:description\" content=\"A propos de nous A propos de nous Inspiration pour\u00a0la\u00a0menuiserie RMD Menuiserie est une petite entreprise passionn\u00e9e et respectueuse de l\u2019environnement.En 2008, Benoit Raemy a fond\u00e9 RMD Menuiserie par amour pour cette mati\u00e8re noble qu\u2019est le bois et par go\u00fbt du design. Il s\u2019est sp\u00e9cialis\u00e9 dans l\u2019am\u00e9nagement int\u00e9rieur afin de proposer \u00e0 sa client\u00e8le un [&hellip;]\" \/>\n<meta property=\"og:url\" content=\"https:\/\/rmd-ne.ch\/index.php\/about\/\" \/>\n<meta property=\"og:site_name\" content=\"Menuiserie\" \/>\n<meta property=\"article:modified_time\" content=\"2022-11-15T13:45:09+00:00\" \/>\n<meta property=\"og:image\" content=\"https:\/\/rmd-ne.ch\/wp-content\/uploads\/2022\/11\/9-1.png\" \/>\n<meta name=\"twitter:card\" content=\"summary_large_image\" \/>\n<meta name=\"twitter:label1\" content=\"Dur\u00e9e de lecture estim\u00e9e\" \/>\n\t<meta name=\"twitter:data1\" content=\"2 minutes\" \/>\n<script type=\"application\/ld+json\" class=\"yoast-schema-graph\">{\"@context\":\"https:\/\/schema.org\",\"@graph\":[{\"@type\":\"WebPage\",\"@id\":\"https:\/\/rmd-ne.ch\/index.php\/about\/\",\"url\":\"https:\/\/rmd-ne.ch\/index.php\/about\/\",\"name\":\"About - Menuiserie\",\"isPartOf\":{\"@id\":\"https:\/\/rmd-ne.ch\/#website\"},\"datePublished\":\"2019-09-07T11:59:55+00:00\",\"dateModified\":\"2022-11-15T13:45:09+00:00\",\"breadcrumb\":{\"@id\":\"https:\/\/rmd-ne.ch\/index.php\/about\/#breadcrumb\"},\"inLanguage\":\"fr-FR\",\"potentialAction\":[{\"@type\":\"ReadAction\",\"target\":[\"https:\/\/rmd-ne.ch\/index.php\/about\/\"]}]},{\"@type\":\"BreadcrumbList\",\"@id\":\"https:\/\/rmd-ne.ch\/index.php\/about\/#breadcrumb\",\"itemListElement\":[{\"@type\":\"ListItem\",\"position\":1,\"name\":\"Home\",\"item\":\"https:\/\/rmd-ne.ch\/\"},{\"@type\":\"ListItem\",\"position\":2,\"name\":\"About\"}]},{\"@type\":\"WebSite\",\"@id\":\"https:\/\/rmd-ne.ch\/#website\",\"url\":\"https:\/\/rmd-ne.ch\/\",\"name\":\"Menuiserie\",\"description\":\"Just another WordPress site\",\"publisher\":{\"@id\":\"https:\/\/rmd-ne.ch\/#organization\"},\"potentialAction\":[{\"@type\":\"SearchAction\",\"target\":{\"@type\":\"EntryPoint\",\"urlTemplate\":\"https:\/\/rmd-ne.ch\/?s={search_term_string}\"},\"query-input\":\"required name=search_term_string\"}],\"inLanguage\":\"fr-FR\"},{\"@type\":\"Organization\",\"@id\":\"https:\/\/rmd-ne.ch\/#organization\",\"name\":\"Menuiserie\",\"url\":\"https:\/\/rmd-ne.ch\/\",\"logo\":{\"@type\":\"ImageObject\",\"inLanguage\":\"fr-FR\",\"@id\":\"https:\/\/rmd-ne.ch\/#\/schema\/logo\/image\/\",\"url\":\"https:\/\/rmd-ne.ch\/wp-content\/uploads\/2022\/11\/Custom-Size-\u2013-1.png\",\"contentUrl\":\"https:\/\/rmd-ne.ch\/wp-content\/uploads\/2022\/11\/Custom-Size-\u2013-1.png\",\"width\":274,\"height\":105,\"caption\":\"Menuiserie\"},\"image\":{\"@id\":\"https:\/\/rmd-ne.ch\/#\/schema\/logo\/image\/\"}}]}<\/script>\n<!-- \/ Yoast SEO plugin. -->","yoast_head_json":{"title":"About - Menuiserie","robots":{"index":"index","follow":"follow","max-snippet":"max-snippet:-1","max-image-preview":"max-image-preview:large","max-video-preview":"max-video-preview:-1"},"canonical":"https:\/\/rmd-ne.ch\/index.php\/about\/","og_locale":"fr_FR","og_type":"article","og_title":"About - Menuiserie","og_description":"A propos de nous A propos de nous Inspiration pour\u00a0la\u00a0menuiserie RMD Menuiserie est une petite entreprise passionn\u00e9e et respectueuse de l\u2019environnement.En 2008, Benoit Raemy a fond\u00e9 RMD Menuiserie par amour pour cette mati\u00e8re noble qu\u2019est le bois et par go\u00fbt du design. Il s\u2019est sp\u00e9cialis\u00e9 dans l\u2019am\u00e9nagement int\u00e9rieur afin de proposer \u00e0 sa client\u00e8le un [&hellip;]","og_url":"https:\/\/rmd-ne.ch\/index.php\/about\/","og_site_name":"Menuiserie","article_modified_time":"2022-11-15T13:45:09+00:00","og_image":[{"url":"https:\/\/rmd-ne.ch\/wp-content\/uploads\/2022\/11\/9-1.png"}],"twitter_card":"summary_large_image","twitter_misc":{"Dur\u00e9e de lecture estim\u00e9e":"2 minutes"},"schema":{"@context":"https:\/\/schema.org","@graph":[{"@type":"WebPage","@id":"https:\/\/rmd-ne.ch\/index.php\/about\/","url":"https:\/\/rmd-ne.ch\/index.php\/about\/","name":"About - Menuiserie","isPartOf":{"@id":"https:\/\/rmd-ne.ch\/#website"},"datePublished":"2019-09-07T11:59:55+00:00","dateModified":"2022-11-15T13:45:09+00:00","breadcrumb":{"@id":"https:\/\/rmd-ne.ch\/index.php\/about\/#breadcrumb"},"inLanguage":"fr-FR","potentialAction":[{"@type":"ReadAction","target":["https:\/\/rmd-ne.ch\/index.php\/about\/"]}]},{"@type":"BreadcrumbList","@id":"https:\/\/rmd-ne.ch\/index.php\/about\/#breadcrumb","itemListElement":[{"@type":"ListItem","position":1,"name":"Home","item":"https:\/\/rmd-ne.ch\/"},{"@type":"ListItem","position":2,"name":"About"}]},{"@type":"WebSite","@id":"https:\/\/rmd-ne.ch\/#website","url":"https:\/\/rmd-ne.ch\/","name":"Menuiserie","description":"Just another WordPress site","publisher":{"@id":"https:\/\/rmd-ne.ch\/#organization"},"potentialAction":[{"@type":"SearchAction","target":{"@type":"EntryPoint","urlTemplate":"https:\/\/rmd-ne.ch\/?s={search_term_string}"},"query-input":"required name=search_term_string"}],"inLanguage":"fr-FR"},{"@type":"Organization","@id":"https:\/\/rmd-ne.ch\/#organization","name":"Menuiserie","url":"https:\/\/rmd-ne.ch\/","logo":{"@type":"ImageObject","inLanguage":"fr-FR","@id":"https:\/\/rmd-ne.ch\/#\/schema\/logo\/image\/","url":"https:\/\/rmd-ne.ch\/wp-content\/uploads\/2022\/11\/Custom-Size-\u2013-1.png","contentUrl":"https:\/\/rmd-ne.ch\/wp-content\/uploads\/2022\/11\/Custom-Size-\u2013-1.png","width":274,"height":105,"caption":"Menuiserie"},"image":{"@id":"https:\/\/rmd-ne.ch\/#\/schema\/logo\/image\/"}}]}},"_links":{"self":[{"href":"https:\/\/rmd-ne.ch\/index.php\/wp-json\/wp\/v2\/pages\/63","targetHints":{"allow":["GET"]}}],"collection":[{"href":"https:\/\/rmd-ne.ch\/index.php\/wp-json\/wp\/v2\/pages"}],"about":[{"href":"https:\/\/rmd-ne.ch\/index.php\/wp-json\/wp\/v2\/types\/page"}],"author":[{"embeddable":true,"href":"https:\/\/rmd-ne.ch\/index.php\/wp-json\/wp\/v2\/users\/1"}],"replies":[{"embeddable":true,"href":"https:\/\/rmd-ne.ch\/index.php\/wp-json\/wp\/v2\/comments?post=63"}],"version-history":[{"count":33,"href":"https:\/\/rmd-ne.ch\/index.php\/wp-json\/wp\/v2\/pages\/63\/revisions"}],"predecessor-version":[{"id":396,"href":"https:\/\/rmd-ne.ch\/index.php\/wp-json\/wp\/v2\/pages\/63\/revisions\/396"}],"wp:attachment":[{"href":"https:\/\/rmd-ne.ch\/index.php\/wp-json\/wp\/v2\/media?parent=63"}],"curies":[{"name":"wp","href":"https:\/\/api.w.org\/{rel}","templated":true}]}}